{"id":663,"date":"2023-03-27T19:02:26","date_gmt":"2023-03-27T19:02:26","guid":{"rendered":"https:\/\/avicrudas.com\/?post_type=product&#038;p=663"},"modified":"2023-03-28T04:00:18","modified_gmt":"2023-03-28T04:00:18","slug":"alas-sin-costillas-marinado","status":"publish","type":"product","link":"https:\/\/avicrudas.com\/index.php\/product\/alas-sin-costillas-marinado\/","title":{"rendered":"Alas sin Costillas Marinado"},"content":{"rendered":"<p>Utilizamos pollo de alta calidad sin hormonas ni antibi\u00f3ticos y lo marinamos en una mezcla de especias y condimentos frescos como jugo de lim\u00f3n, ajo, cilantro y piment\u00f3n. La marinada se deja impregnar durante horas para realzar el sabor del pollo.<\/p>\n<p>Es una opci\u00f3n saludable y baja en grasas, perfecta para cocinar en la parrilla, el horno o la sart\u00e9n, y para agregar a cualquier plato.<\/p>\n<p>&nbsp;<\/p>\n","protected":false},"excerpt":{"rendered":"<p>Alas sin Costillas Marinado: Pollo de alta calidad marinado en especias frescas, para un sabor incre\u00edble y saludable en cualquier plato.<\/p>\n","protected":false},"featured_media":664,"comment_status":"closed","ping_status":"closed","template":"","meta":{"_acf_changed":false,"_joinchat":[]},"product_brand":[],"product_cat":[20],"product_tag":[],"class_list":{"0":"post-663","1":"product","2":"type-product","3":"status-publish","4":"has-post-thumbnail","6":"product_cat-pollo","8":"first","9":"instock","10":"featured","11":"shipping-taxable","12":"purchasable","13":"product-type-simple"},"acf":[],"yoast_head":"<!-- This site is optimized with the Yoast SEO plugin v25.8 - https:\/\/yoast.com\/wordpress\/plugins\/seo\/ -->\n<title>Alas sin Costillas Marinado - Avicrudas de Colombia<\/title>\n<meta name=\"description\" content=\"Alas sin Costillas Marinado: Pollo de alta calidad marinado en especias frescas, para un sabor incre\u00edble y saludable en cualquier plato.\" \/>\n<meta name=\"robots\" content=\"index, follow, max-snippet:-1, max-image-preview:large, max-video-preview:-1\" \/>\n<link rel=\"canonical\" href=\"https:\/\/avicrudas.com\/index.php\/product\/alas-sin-costillas-marinado\/\" \/>\n<meta property=\"og:locale\" content=\"es_ES\" \/>\n<meta property=\"og:type\" content=\"article\" \/>\n<meta property=\"og:title\" content=\"Alas sin Costillas Marinado - Avicrudas de Colombia\" \/>\n<meta property=\"og:description\" content=\"Alas sin Costillas Marinado: Pollo de alta calidad marinado en especias frescas, para un sabor incre\u00edble y saludable en cualquier plato.\" \/>\n<meta property=\"og:url\" content=\"https:\/\/avicrudas.com\/index.php\/product\/alas-sin-costillas-marinado\/\" \/>\n<meta property=\"og:site_name\" content=\"Avicrudas de Colombia\" \/>\n<meta property=\"article:modified_time\" content=\"2023-03-28T04:00:18+00:00\" \/>\n<meta property=\"og:image\" content=\"https:\/\/avicrudas.com\/wp-content\/uploads\/2023\/03\/pollo-presas-1.jpg\" \/>\n\t<meta property=\"og:image:width\" content=\"520\" \/>\n\t<meta property=\"og:image:height\" content=\"628\" \/>\n\t<meta property=\"og:image:type\" content=\"image\/jpeg\" \/>\n<meta name=\"twitter:card\" content=\"summary_large_image\" \/>\n<meta name=\"twitter:label1\" content=\"Tiempo de lectura\" \/>\n\t<meta name=\"twitter:data1\" content=\"1 minuto\" \/>\n<script type=\"application\/ld+json\" class=\"yoast-schema-graph\">{\"@context\":\"https:\/\/schema.org\",\"@graph\":[{\"@type\":\"WebPage\",\"@id\":\"https:\/\/avicrudas.com\/index.php\/product\/alas-sin-costillas-marinado\/\",\"url\":\"https:\/\/avicrudas.com\/index.php\/product\/alas-sin-costillas-marinado\/\",\"name\":\"Alas sin Costillas Marinado - Avicrudas de Colombia\",\"isPartOf\":{\"@id\":\"https:\/\/avicrudas.com\/#website\"},\"primaryImageOfPage\":{\"@id\":\"https:\/\/avicrudas.com\/index.php\/product\/alas-sin-costillas-marinado\/#primaryimage\"},\"image\":{\"@id\":\"https:\/\/avicrudas.com\/index.php\/product\/alas-sin-costillas-marinado\/#primaryimage\"},\"thumbnailUrl\":\"https:\/\/avicrudas.com\/wp-content\/uploads\/2023\/03\/pollo-presas-1.jpg\",\"datePublished\":\"2023-03-27T19:02:26+00:00\",\"dateModified\":\"2023-03-28T04:00:18+00:00\",\"description\":\"Alas sin Costillas Marinado: Pollo de alta calidad marinado en especias frescas, para un sabor incre\u00edble y saludable en cualquier plato.\",\"breadcrumb\":{\"@id\":\"https:\/\/avicrudas.com\/index.php\/product\/alas-sin-costillas-marinado\/#breadcrumb\"},\"inLanguage\":\"es\",\"potentialAction\":[{\"@type\":\"ReadAction\",\"target\":[\"https:\/\/avicrudas.com\/index.php\/product\/alas-sin-costillas-marinado\/\"]}]},{\"@type\":\"ImageObject\",\"inLanguage\":\"es\",\"@id\":\"https:\/\/avicrudas.com\/index.php\/product\/alas-sin-costillas-marinado\/#primaryimage\",\"url\":\"https:\/\/avicrudas.com\/wp-content\/uploads\/2023\/03\/pollo-presas-1.jpg\",\"contentUrl\":\"https:\/\/avicrudas.com\/wp-content\/uploads\/2023\/03\/pollo-presas-1.jpg\",\"width\":520,\"height\":628},{\"@type\":\"BreadcrumbList\",\"@id\":\"https:\/\/avicrudas.com\/index.php\/product\/alas-sin-costillas-marinado\/#breadcrumb\",\"itemListElement\":[{\"@type\":\"ListItem\",\"position\":1,\"name\":\"Portada\",\"item\":\"https:\/\/avicrudas.com\/\"},{\"@type\":\"ListItem\",\"position\":2,\"name\":\"Tienda\",\"item\":\"https:\/\/avicrudas.com\/index.php\/shop\/\"},{\"@type\":\"ListItem\",\"position\":3,\"name\":\"Alas sin Costillas Marinado\"}]},{\"@type\":\"WebSite\",\"@id\":\"https:\/\/avicrudas.com\/#website\",\"url\":\"https:\/\/avicrudas.com\/\",\"name\":\"Avicrudas de Colombia\",\"description\":\"\",\"publisher\":{\"@id\":\"https:\/\/avicrudas.com\/#organization\"},\"potentialAction\":[{\"@type\":\"SearchAction\",\"target\":{\"@type\":\"EntryPoint\",\"urlTemplate\":\"https:\/\/avicrudas.com\/?s={search_term_string}\"},\"query-input\":{\"@type\":\"PropertyValueSpecification\",\"valueRequired\":true,\"valueName\":\"search_term_string\"}}],\"inLanguage\":\"es\"},{\"@type\":\"Organization\",\"@id\":\"https:\/\/avicrudas.com\/#organization\",\"name\":\"Avicrudas de Colombia\",\"url\":\"https:\/\/avicrudas.com\/\",\"logo\":{\"@type\":\"ImageObject\",\"inLanguage\":\"es\",\"@id\":\"https:\/\/avicrudas.com\/#\/schema\/logo\/image\/\",\"url\":\"https:\/\/avicrudas.com\/wp-content\/uploads\/2023\/03\/logo_2.png\",\"contentUrl\":\"https:\/\/avicrudas.com\/wp-content\/uploads\/2023\/03\/logo_2.png\",\"width\":3165,\"height\":3165,\"caption\":\"Avicrudas de Colombia\"},\"image\":{\"@id\":\"https:\/\/avicrudas.com\/#\/schema\/logo\/image\/\"}}]}<\/script>\n<!-- \/ Yoast SEO plugin. -->","yoast_head_json":{"title":"Alas sin Costillas Marinado - Avicrudas de Colombia","description":"Alas sin Costillas Marinado: Pollo de alta calidad marinado en especias frescas, para un sabor incre\u00edble y saludable en cualquier plato.","robots":{"index":"index","follow":"follow","max-snippet":"max-snippet:-1","max-image-preview":"max-image-preview:large","max-video-preview":"max-video-preview:-1"},"canonical":"https:\/\/avicrudas.com\/index.php\/product\/alas-sin-costillas-marinado\/","og_locale":"es_ES","og_type":"article","og_title":"Alas sin Costillas Marinado - Avicrudas de Colombia","og_description":"Alas sin Costillas Marinado: Pollo de alta calidad marinado en especias frescas, para un sabor incre\u00edble y saludable en cualquier plato.","og_url":"https:\/\/avicrudas.com\/index.php\/product\/alas-sin-costillas-marinado\/","og_site_name":"Avicrudas de Colombia","article_modified_time":"2023-03-28T04:00:18+00:00","og_image":[{"width":520,"height":628,"url":"https:\/\/avicrudas.com\/wp-content\/uploads\/2023\/03\/pollo-presas-1.jpg","type":"image\/jpeg"}],"twitter_card":"summary_large_image","twitter_misc":{"Tiempo de lectura":"1 minuto"},"schema":{"@context":"https:\/\/schema.org","@graph":[{"@type":"WebPage","@id":"https:\/\/avicrudas.com\/index.php\/product\/alas-sin-costillas-marinado\/","url":"https:\/\/avicrudas.com\/index.php\/product\/alas-sin-costillas-marinado\/","name":"Alas sin Costillas Marinado - Avicrudas de Colombia","isPartOf":{"@id":"https:\/\/avicrudas.com\/#website"},"primaryImageOfPage":{"@id":"https:\/\/avicrudas.com\/index.php\/product\/alas-sin-costillas-marinado\/#primaryimage"},"image":{"@id":"https:\/\/avicrudas.com\/index.php\/product\/alas-sin-costillas-marinado\/#primaryimage"},"thumbnailUrl":"https:\/\/avicrudas.com\/wp-content\/uploads\/2023\/03\/pollo-presas-1.jpg","datePublished":"2023-03-27T19:02:26+00:00","dateModified":"2023-03-28T04:00:18+00:00","description":"Alas sin Costillas Marinado: Pollo de alta calidad marinado en especias frescas, para un sabor incre\u00edble y saludable en cualquier plato.","breadcrumb":{"@id":"https:\/\/avicrudas.com\/index.php\/product\/alas-sin-costillas-marinado\/#breadcrumb"},"inLanguage":"es","potentialAction":[{"@type":"ReadAction","target":["https:\/\/avicrudas.com\/index.php\/product\/alas-sin-costillas-marinado\/"]}]},{"@type":"ImageObject","inLanguage":"es","@id":"https:\/\/avicrudas.com\/index.php\/product\/alas-sin-costillas-marinado\/#primaryimage","url":"https:\/\/avicrudas.com\/wp-content\/uploads\/2023\/03\/pollo-presas-1.jpg","contentUrl":"https:\/\/avicrudas.com\/wp-content\/uploads\/2023\/03\/pollo-presas-1.jpg","width":520,"height":628},{"@type":"BreadcrumbList","@id":"https:\/\/avicrudas.com\/index.php\/product\/alas-sin-costillas-marinado\/#breadcrumb","itemListElement":[{"@type":"ListItem","position":1,"name":"Portada","item":"https:\/\/avicrudas.com\/"},{"@type":"ListItem","position":2,"name":"Tienda","item":"https:\/\/avicrudas.com\/index.php\/shop\/"},{"@type":"ListItem","position":3,"name":"Alas sin Costillas Marinado"}]},{"@type":"WebSite","@id":"https:\/\/avicrudas.com\/#website","url":"https:\/\/avicrudas.com\/","name":"Avicrudas de Colombia","description":"","publisher":{"@id":"https:\/\/avicrudas.com\/#organization"},"potentialAction":[{"@type":"SearchAction","target":{"@type":"EntryPoint","urlTemplate":"https:\/\/avicrudas.com\/?s={search_term_string}"},"query-input":{"@type":"PropertyValueSpecification","valueRequired":true,"valueName":"search_term_string"}}],"inLanguage":"es"},{"@type":"Organization","@id":"https:\/\/avicrudas.com\/#organization","name":"Avicrudas de Colombia","url":"https:\/\/avicrudas.com\/","logo":{"@type":"ImageObject","inLanguage":"es","@id":"https:\/\/avicrudas.com\/#\/schema\/logo\/image\/","url":"https:\/\/avicrudas.com\/wp-content\/uploads\/2023\/03\/logo_2.png","contentUrl":"https:\/\/avicrudas.com\/wp-content\/uploads\/2023\/03\/logo_2.png","width":3165,"height":3165,"caption":"Avicrudas de Colombia"},"image":{"@id":"https:\/\/avicrudas.com\/#\/schema\/logo\/image\/"}}]}},"_links":{"self":[{"href":"https:\/\/avicrudas.com\/index.php\/wp-json\/wp\/v2\/product\/663","targetHints":{"allow":["GET"]}}],"collection":[{"href":"https:\/\/avicrudas.com\/index.php\/wp-json\/wp\/v2\/product"}],"about":[{"href":"https:\/\/avicrudas.com\/index.php\/wp-json\/wp\/v2\/types\/product"}],"replies":[{"embeddable":true,"href":"https:\/\/avicrudas.com\/index.php\/wp-json\/wp\/v2\/comments?post=663"}],"wp:featuredmedia":[{"embeddable":true,"href":"https:\/\/avicrudas.com\/index.php\/wp-json\/wp\/v2\/media\/664"}],"wp:attachment":[{"href":"https:\/\/avicrudas.com\/index.php\/wp-json\/wp\/v2\/media?parent=663"}],"wp:term":[{"taxonomy":"product_brand","embeddable":true,"href":"https:\/\/avicrudas.com\/index.php\/wp-json\/wp\/v2\/product_brand?post=663"},{"taxonomy":"product_cat","embeddable":true,"href":"https:\/\/avicrudas.com\/index.php\/wp-json\/wp\/v2\/product_cat?post=663"},{"taxonomy":"product_tag","embeddable":true,"href":"https:\/\/avicrudas.com\/index.php\/wp-json\/wp\/v2\/product_tag?post=663"}],"curies":[{"name":"wp","href":"https:\/\/api.w.org\/{rel}","templated":true}]}}